{"id":60,"date":"2023-07-02T22:33:06","date_gmt":"2023-07-02T20:33:06","guid":{"rendered":"https:\/\/www.net-base.de\/magazin\/?page_id=60"},"modified":"2023-07-02T23:02:47","modified_gmt":"2023-07-02T21:02:47","slug":"impressum","status":"publish","type":"page","link":"https:\/\/www.net-base.de\/magazin\/impressum\/","title":{"rendered":"Impressum"},"content":{"rendered":"\n<h1 class=\"wp-block-heading\">Net-Base Computer- und Netzwerktechnik e.K.<br>Inhaber: Markus R\u00f6dling<\/h1>\n\n\n\n<p class=\"wp-block-paragraph\">Wei\u00dferlenstra\u00dfe 3<br>DE-79108 Freiburg i. Br.<\/p>\n\n\n\n<p class=\"wp-block-paragraph\">Fon: +49 761 50453-0<br>Fax: +49 761 50453-90<br>Mail: <a href=\"mailto:info@net-base.de\">info(at)net-base.de<\/a><\/p>\n\n\n\n<p class=\"wp-block-paragraph\">Umsatzsteuer-ID Nr.: DE156588612<br>Handelsregister: Amtsgericht Freiburg HRA 700570<\/p>\n","protected":false},"excerpt":{"rendered":"<p>Net-Base Computer- und Netzwerktechnik e.K.Inhaber: Markus R\u00f6dling Wei\u00dferlenstra\u00dfe 3DE-79108 Freiburg i. Br. Fon: +49 761 50453-0Fax: +49 761 50453-90Mail: info(at)net-base.de Umsatzsteuer-ID Nr.: DE156588612Handelsregister: Amtsgericht Freiburg&hellip;<\/p>\n","protected":false},"author":7,"featured_media":0,"parent":0,"menu_order":0,"comment_status":"closed","ping_status":"closed","template":"","meta":{"_crdt_document":"","footnotes":""},"class_list":["post-60","page","type-page","status-publish","hentry"],"yoast_head":"<!-- This site is optimized with the Yoast SEO Premium plugin v26.8 (Yoast SEO v27.3) - https:\/\/yoast.com\/product\/yoast-seo-premium-wordpress\/ -->\n<title>Impressum - Net-Base Magazin<\/title>\n<meta name=\"description\" content=\"Net-Base Computer- und Netzwerktechnik e.K.\" \/>\n<meta name=\"robots\" content=\"index, follow, max-snippet:-1, max-image-preview:large, max-video-preview:-1\" \/>\n<link rel=\"canonical\" href=\"https:\/\/www.net-base.de\/magazin\/impressum\/\" \/>\n<meta property=\"og:locale\" content=\"de_DE\" \/>\n<meta property=\"og:type\" content=\"article\" \/>\n<meta property=\"og:title\" content=\"Impressum\" \/>\n<meta property=\"og:description\" content=\"Net-Base Computer- und Netzwerktechnik e.K.\" \/>\n<meta property=\"og:url\" content=\"https:\/\/www.net-base.de\/magazin\/impressum\/\" \/>\n<meta property=\"og:site_name\" content=\"Net-Base Magazin\" \/>\n<meta property=\"article:publisher\" content=\"https:\/\/www.facebook.com\/\" \/>\n<meta property=\"article:modified_time\" content=\"2023-07-02T21:02:47+00:00\" \/>\n<meta name=\"twitter:card\" content=\"summary_large_image\" \/>\n<meta name=\"twitter:label1\" content=\"Gesch\u00e4tzte Lesezeit\" \/>\n\t<meta name=\"twitter:data1\" content=\"1\u00a0Minute\" \/>\n<script type=\"application\/ld+json\" class=\"yoast-schema-graph\">{\"@context\":\"https:\\\/\\\/schema.org\",\"@graph\":[{\"@type\":\"WebPage\",\"@id\":\"https:\\\/\\\/www.net-base.de\\\/magazin\\\/impressum\\\/\",\"url\":\"https:\\\/\\\/www.net-base.de\\\/magazin\\\/impressum\\\/\",\"name\":\"Impressum - Net-Base Magazin\",\"isPartOf\":{\"@id\":\"https:\\\/\\\/www.net-base.de\\\/magazin\\\/#website\"},\"datePublished\":\"2023-07-02T20:33:06+00:00\",\"dateModified\":\"2023-07-02T21:02:47+00:00\",\"description\":\"Net-Base Computer- und Netzwerktechnik e.K.\",\"breadcrumb\":{\"@id\":\"https:\\\/\\\/www.net-base.de\\\/magazin\\\/impressum\\\/#breadcrumb\"},\"inLanguage\":\"de\",\"potentialAction\":[{\"@type\":\"ReadAction\",\"target\":[\"https:\\\/\\\/www.net-base.de\\\/magazin\\\/impressum\\\/\"]}]},{\"@type\":\"BreadcrumbList\",\"@id\":\"https:\\\/\\\/www.net-base.de\\\/magazin\\\/impressum\\\/#breadcrumb\",\"itemListElement\":[{\"@type\":\"ListItem\",\"position\":1,\"name\":\"Startseite\",\"item\":\"https:\\\/\\\/www.net-base.de\\\/magazin\\\/\"},{\"@type\":\"ListItem\",\"position\":2,\"name\":\"Impressum\"}]},{\"@type\":\"WebSite\",\"@id\":\"https:\\\/\\\/www.net-base.de\\\/magazin\\\/#website\",\"url\":\"https:\\\/\\\/www.net-base.de\\\/magazin\\\/\",\"name\":\"Net-Base Magazin\",\"description\":\"\",\"publisher\":{\"@id\":\"https:\\\/\\\/www.net-base.de\\\/magazin\\\/#organization\"},\"potentialAction\":[{\"@type\":\"SearchAction\",\"target\":{\"@type\":\"EntryPoint\",\"urlTemplate\":\"https:\\\/\\\/www.net-base.de\\\/magazin\\\/?s={search_term_string}\"},\"query-input\":{\"@type\":\"PropertyValueSpecification\",\"valueRequired\":true,\"valueName\":\"search_term_string\"}}],\"inLanguage\":\"de\"},{\"@type\":\"Organization\",\"@id\":\"https:\\\/\\\/www.net-base.de\\\/magazin\\\/#organization\",\"name\":\"Net-Base Computer & Netzwerktechnik e.K.\",\"url\":\"https:\\\/\\\/www.net-base.de\\\/magazin\\\/\",\"logo\":{\"@type\":\"ImageObject\",\"inLanguage\":\"de\",\"@id\":\"https:\\\/\\\/www.net-base.de\\\/magazin\\\/#\\\/schema\\\/logo\\\/image\\\/\",\"url\":\"https:\\\/\\\/www.net-base.de\\\/magazin\\\/wp-content\\\/uploads\\\/2023\\\/07\\\/cropped-net-base_logo_374x374.webp\",\"contentUrl\":\"https:\\\/\\\/www.net-base.de\\\/magazin\\\/wp-content\\\/uploads\\\/2023\\\/07\\\/cropped-net-base_logo_374x374.webp\",\"width\":266,\"height\":291,\"caption\":\"Net-Base Computer & Netzwerktechnik e.K.\"},\"image\":{\"@id\":\"https:\\\/\\\/www.net-base.de\\\/magazin\\\/#\\\/schema\\\/logo\\\/image\\\/\"},\"sameAs\":[\"https:\\\/\\\/www.facebook.com\\\/\"]}]}<\/script>\n<!-- \/ Yoast SEO Premium plugin. -->","yoast_head_json":{"title":"Impressum - Net-Base Magazin","description":"Net-Base Computer- und Netzwerktechnik e.K.","robots":{"index":"index","follow":"follow","max-snippet":"max-snippet:-1","max-image-preview":"max-image-preview:large","max-video-preview":"max-video-preview:-1"},"canonical":"https:\/\/www.net-base.de\/magazin\/impressum\/","og_locale":"de_DE","og_type":"article","og_title":"Impressum","og_description":"Net-Base Computer- und Netzwerktechnik e.K.","og_url":"https:\/\/www.net-base.de\/magazin\/impressum\/","og_site_name":"Net-Base Magazin","article_publisher":"https:\/\/www.facebook.com\/","article_modified_time":"2023-07-02T21:02:47+00:00","twitter_card":"summary_large_image","twitter_misc":{"Gesch\u00e4tzte Lesezeit":"1\u00a0Minute"},"schema":{"@context":"https:\/\/schema.org","@graph":[{"@type":"WebPage","@id":"https:\/\/www.net-base.de\/magazin\/impressum\/","url":"https:\/\/www.net-base.de\/magazin\/impressum\/","name":"Impressum - Net-Base Magazin","isPartOf":{"@id":"https:\/\/www.net-base.de\/magazin\/#website"},"datePublished":"2023-07-02T20:33:06+00:00","dateModified":"2023-07-02T21:02:47+00:00","description":"Net-Base Computer- und Netzwerktechnik e.K.","breadcrumb":{"@id":"https:\/\/www.net-base.de\/magazin\/impressum\/#breadcrumb"},"inLanguage":"de","potentialAction":[{"@type":"ReadAction","target":["https:\/\/www.net-base.de\/magazin\/impressum\/"]}]},{"@type":"BreadcrumbList","@id":"https:\/\/www.net-base.de\/magazin\/impressum\/#breadcrumb","itemListElement":[{"@type":"ListItem","position":1,"name":"Startseite","item":"https:\/\/www.net-base.de\/magazin\/"},{"@type":"ListItem","position":2,"name":"Impressum"}]},{"@type":"WebSite","@id":"https:\/\/www.net-base.de\/magazin\/#website","url":"https:\/\/www.net-base.de\/magazin\/","name":"Net-Base Magazin","description":"","publisher":{"@id":"https:\/\/www.net-base.de\/magazin\/#organization"},"potentialAction":[{"@type":"SearchAction","target":{"@type":"EntryPoint","urlTemplate":"https:\/\/www.net-base.de\/magazin\/?s={search_term_string}"},"query-input":{"@type":"PropertyValueSpecification","valueRequired":true,"valueName":"search_term_string"}}],"inLanguage":"de"},{"@type":"Organization","@id":"https:\/\/www.net-base.de\/magazin\/#organization","name":"Net-Base Computer & Netzwerktechnik e.K.","url":"https:\/\/www.net-base.de\/magazin\/","logo":{"@type":"ImageObject","inLanguage":"de","@id":"https:\/\/www.net-base.de\/magazin\/#\/schema\/logo\/image\/","url":"https:\/\/www.net-base.de\/magazin\/wp-content\/uploads\/2023\/07\/cropped-net-base_logo_374x374.webp","contentUrl":"https:\/\/www.net-base.de\/magazin\/wp-content\/uploads\/2023\/07\/cropped-net-base_logo_374x374.webp","width":266,"height":291,"caption":"Net-Base Computer & Netzwerktechnik e.K."},"image":{"@id":"https:\/\/www.net-base.de\/magazin\/#\/schema\/logo\/image\/"},"sameAs":["https:\/\/www.facebook.com\/"]}]}},"amp_enabled":true,"_links":{"self":[{"href":"https:\/\/www.net-base.de\/magazin\/wp-json\/wp\/v2\/pages\/60","targetHints":{"allow":["GET"]}}],"collection":[{"href":"https:\/\/www.net-base.de\/magazin\/wp-json\/wp\/v2\/pages"}],"about":[{"href":"https:\/\/www.net-base.de\/magazin\/wp-json\/wp\/v2\/types\/page"}],"author":[{"embeddable":true,"href":"https:\/\/www.net-base.de\/magazin\/wp-json\/wp\/v2\/users\/7"}],"replies":[{"embeddable":true,"href":"https:\/\/www.net-base.de\/magazin\/wp-json\/wp\/v2\/comments?post=60"}],"version-history":[{"count":1,"href":"https:\/\/www.net-base.de\/magazin\/wp-json\/wp\/v2\/pages\/60\/revisions"}],"predecessor-version":[{"id":61,"href":"https:\/\/www.net-base.de\/magazin\/wp-json\/wp\/v2\/pages\/60\/revisions\/61"}],"wp:attachment":[{"href":"https:\/\/www.net-base.de\/magazin\/wp-json\/wp\/v2\/media?parent=60"}],"curies":[{"name":"wp","href":"https:\/\/api.w.org\/{rel}","templated":true}]}}